{"id":19485,"date":"2024-09-12T13:48:49","date_gmt":"2024-09-12T06:48:49","guid":{"rendered":"https:\/\/vcvaa.edu.vn\/blog\/"},"modified":"2024-09-20T11:19:02","modified_gmt":"2024-09-20T04:19:02","slug":"blog","status":"publish","type":"page","link":"https:\/\/vcvaa.edu.vn\/en\/blog\/","title":{"rendered":"Blog"},"content":{"rendered":"\t\t<div data-elementor-type=\"wp-page\" data-elementor-id=\"19485\" class=\"elementor elementor-19485 elementor-18226\" data-elementor-post-type=\"page\">\n\t\t\t\t\t\t<section class=\"elementor-section elementor-top-section elementor-element elementor-element-7642da1 elementor-section-boxed elementor-section-height-default elementor-section-height-default\" data-id=\"7642da1\" data-element_type=\"section\">\n\t\t\t\t\t\t<div class=\"elementor-container elementor-column-gap-default\">\n\t\t\t\t\t<div class=\"elementor-column elementor-col-100 elementor-top-column elementor-element elementor-element-2b37ef3\" data-id=\"2b37ef3\" data-element_type=\"column\">\n\t\t\t<div class=\"elementor-widget-wrap elementor-element-populated\">\n\t\t\t\t\t\t<div class=\"elementor-element elementor-element-8bc0eb8 elementor-widget elementor-widget-image\" data-id=\"8bc0eb8\" data-element_type=\"widget\" data-widget_type=\"image.default\">\n\t\t\t\t<div class=\"elementor-widget-container\">\n\t\t\t<style>\/*! elementor - v3.22.0 - 26-06-2024 *\/\n.elementor-widget-image{text-align:center}.elementor-widget-image a{display:inline-block}.elementor-widget-image a img[src$=\".svg\"]{width:48px}.elementor-widget-image img{vertical-align:middle;display:inline-block}<\/style>\t\t\t\t\t\t\t\t\t\t<img decoding=\"async\" src=\"https:\/\/vcvaa.edu.vn\/wp-content\/uploads\/elementor\/thumbs\/VCVAA_BANNER-THUMBNAIL-CHUNG-09-scaled-e1726229034190-qu1pabpku012mevjqfyjcmiiyzxjzh903fdz6gy870.jpg\" title=\"VCVAA_BANNER &#038; THUMBNAIL CHUNG-09\" alt=\"VCVAA_BANNER &amp; THUMBNAIL CHUNG-09\" loading=\"lazy\" \/>\t\t\t\t\t\t\t\t\t\t\t\t\t<\/div>\n\t\t\t\t<\/div>\n\t\t\t\t\t<\/div>\n\t\t<\/div>\n\t\t\t\t\t<\/div>\n\t\t<\/section>\n\t\t\t\t<section class=\"elementor-section elementor-top-section elementor-element elementor-element-c3f177b elementor-section-boxed elementor-section-height-default elementor-section-height-default\" data-id=\"c3f177b\" data-element_type=\"section\">\n\t\t\t\t\t\t<div class=\"elementor-container elementor-column-gap-default\">\n\t\t\t\t\t<div class=\"elementor-column elementor-col-100 elementor-top-column elementor-element elementor-element-6da353d\" data-id=\"6da353d\" data-element_type=\"column\">\n\t\t\t<div class=\"elementor-widget-wrap elementor-element-populated\">\n\t\t\t\t\t\t<div class=\"elementor-element elementor-element-16887ff pp-posts-thumbnail-ratio elementor-grid-3 elementor-grid-tablet-2 elementor-grid-mobile-1 elementor-widget elementor-widget-pp-posts\" data-id=\"16887ff\" data-element_type=\"widget\" data-settings=\"{&quot;event_columns&quot;:&quot;3&quot;,&quot;event_columns_tablet&quot;:&quot;2&quot;,&quot;event_columns_mobile&quot;:&quot;1&quot;}\" data-widget_type=\"pp-posts.event\">\n\t\t\t\t<div class=\"elementor-widget-container\">\n\t\t\t\t\t\t<div class=\"pp-posts-container\">\n\t\t\t\t\t<div class=\"pp-posts-empty\">\n\t\t\t\n\t\t\t\t\t<\/div>\n\t\t\t\t\t<\/div>\n\t\t\t\t\t<\/div>\n\t\t\t\t<\/div>\n\t\t\t\t\t<\/div>\n\t\t<\/div>\n\t\t\t\t\t<\/div>\n\t\t<\/section>\n\t\t\t\t<\/div>\n\t\t","protected":false},"excerpt":{"rendered":"<p>QU\u00c1 TR\u00ccNH PH\u00c1T TRI\u1ec2N NGH\u1ec6 THU\u1eacT C\u1ee6A TR\u1eba T\u1eea M\u1eaaU GI\u00c1O \u0110\u1ebeN L\u1edaP 3 QU\u00c1 TR\u00ccNH PH\u00c1T TRI\u1ec2N NGH\u1ec6 THU\u1eacT&#8230;<\/p>\n","protected":false},"author":2,"featured_media":0,"parent":0,"menu_order":0,"comment_status":"closed","ping_status":"closed","template":"elementor_header_footer","meta":{"_acf_changed":false,"footnotes":""},"acf":[],"_links":{"self":[{"href":"https:\/\/vcvaa.edu.vn\/en\/wp-json\/wp\/v2\/pages\/19485"}],"collection":[{"href":"https:\/\/vcvaa.edu.vn\/en\/wp-json\/wp\/v2\/pages"}],"about":[{"href":"https:\/\/vcvaa.edu.vn\/en\/wp-json\/wp\/v2\/types\/page"}],"author":[{"embeddable":true,"href":"https:\/\/vcvaa.edu.vn\/en\/wp-json\/wp\/v2\/users\/2"}],"replies":[{"embeddable":true,"href":"https:\/\/vcvaa.edu.vn\/en\/wp-json\/wp\/v2\/comments?post=19485"}],"version-history":[{"count":1,"href":"https:\/\/vcvaa.edu.vn\/en\/wp-json\/wp\/v2\/pages\/19485\/revisions"}],"predecessor-version":[{"id":19486,"href":"https:\/\/vcvaa.edu.vn\/en\/wp-json\/wp\/v2\/pages\/19485\/revisions\/19486"}],"wp:attachment":[{"href":"https:\/\/vcvaa.edu.vn\/en\/wp-json\/wp\/v2\/media?parent=19485"}],"curies":[{"name":"wp","href":"https:\/\/api.w.org\/{rel}","templated":true}]}}